{"id":846,"date":"2025-09-12T12:36:35","date_gmt":"2025-09-12T12:36:35","guid":{"rendered":"https:\/\/tinerisudmuntenia.ro\/?page_id=846"},"modified":"2025-09-12T12:36:35","modified_gmt":"2025-09-12T12:36:35","slug":"principii-orizontale","status":"publish","type":"page","link":"https:\/\/tinerisudmuntenia.ro\/index.php\/principii-orizontale\/","title":{"rendered":"PRINCIPII ORIZONTALE"},"content":{"rendered":"\n<p>Proiectul prin activitatile, obiectivele, rezultatele si indicatorii asumati contribuie la realizarea si promovarea urmatoarelor principii orizontale prevazute de Ghidul Solicitantului Conditii Specifice aferent apelului de proiecte PEO\/440\/PEO_P2\/OP4\/ESO4.1\/PEO_A47:<\/p>\n\n\n\n<ul class=\"wp-block-list\">\n<li><strong>Egalitatea de \u0219anse \u0219i de tratament \u00eentre femei \u0219i b\u0103rba\u021bi \u0219i integrarea perspectivei de gen<\/strong><\/li>\n\n\n\n<li><strong>Nediscriminarea \u0219i prevenirea oric\u0103rei forme de discriminare<\/strong><\/li>\n\n\n\n<li><strong>Accesibilitatea pentru persoanele cu dizabilit\u0103\u021bi<\/strong><\/li>\n\n\n\n<li><strong>Dezvoltarea durabil\u0103<\/strong><\/li>\n<\/ul>\n\n\n\n<p>dupa cum urmeaza:<\/p>\n\n\n\n<p><strong>Egalitate de gen:<\/strong><\/p>\n\n\n\n<ul class=\"wp-block-list\">\n<li>Elaborare si planificare: asigurarea accesului egal la dezbateri \u0219i identificarea problemelor, elaborarea m\u0103surilor care nu genereaz\u0103 discrimin\u0103ri \u00een implementare.<\/li>\n\n\n\n<li>Implementare: formarea echipei de proiect cu expertiz\u0103 \u00een egalitate de \u0219anse, asigurarea accesului beneficiarilor la m\u0103suri \u0219i activit\u0103\u021bi, informarea publicului larg.<\/li>\n\n\n\n<li>Monitorizare: respectarea prevederilor legislative \u00een domeniul egalit\u0103\u021bii de gen, aplicarea sanc\u021biunilor disciplinare \u00eempotriva celor care nu respect\u0103 regulile impuse.<\/li>\n<\/ul>\n\n\n\n<p>Proiectul contribuie la realizarea Pilonului I &#8211; Egalitatea de \u0219anse \u0219i de tratament \u00eentre femei \u0219i b\u0103rba\u021bi al Strategiei na\u021bionale pentru egalitatea de gen 2021-2027, cu accent pe pia\u021ba muncii \u0219i echilibrul dintre via\u021ba profesional\u0103 \u0219i via\u021ba privat\u0103.<\/p>\n\n\n\n<p>Costurile minime estimate cu acest principiu orizontal = 50000 lei (1,01%) din valoarea totala a proiectului.<\/p>\n\n\n\n<p><strong>Nediscriminare:<\/strong><\/p>\n\n\n\n<ul class=\"wp-block-list\">\n<li>Legislatie: Conformitate cu legisla\u021bia na\u021bional\u0103 \u0219i european\u0103.<\/li>\n\n\n\n<li>Selec\u021bie Grup \u021aint\u0103: Acces nediscriminatoriu la activit\u0103\u021bile proiectului,<\/li>\n\n\n\n<li>Co\u0219tientiza: Promovarea principiului nediscrimin\u0103rii \u00een toate activit\u0103\u021bile.<\/li>\n<\/ul>\n\n\n\n<p>\u00cen elaborarea proiectului, partenerii a luat \u00een considerare respectarea nediscrimin\u0103rii, prin definirea obiectivelor, rezultatelor \u0219i activit\u0103\u021bilor \u00een concordan\u021b\u0103 cu liniile directoare trasate de legisla\u021bia na\u021bional\u0103 (Constitu\u021bie, Legea 202\/2002, Legea 448\/2006, OUG137\/2010) \u0219i legisla\u021bia comunitar\u0103.<\/p>\n\n\n\n<p>Selec\u021bia Grupului \u021aint\u0103 \u0219i accesul acestora la activit\u0103\u021bile proiectului se va face f\u0103r\u0103 nicio deosebire, excludere, restric\u021bie sau preferin\u021b\u0103, pe baz\u0103 de ras\u0103, na\u021bionalitate, etnie, limb\u0103, religie, categorie social\u0103, convingeri, sex, orientare sexual\u0103, v\u00e2rst\u0103, handicap sau orice alt criteriu.<\/p>\n\n\n\n<p>Costurile minime estimate cu acest principiu orizontal = 50000 lei (1,01%) din valoarea totala a proiectului.<\/p>\n\n\n\n<p><strong>Accesibilitate persoane cu dizabilit\u0103\u021bi:<\/strong><\/p>\n\n\n\n<ul class=\"wp-block-list\">\n<li>Spa\u021bii accesibile: Evenimentele \u0219i \u00eent\u00e2lnirile se vor desf\u0103\u0219ura \u00een spa\u021bii care dispun de logistica necesar\u0103 pentru accesul facil al persoanelor cu handicap.<\/li>\n\n\n\n<li>Website proiect adaptat: Persoanele cu dizabilit\u0103\u021bi vor avea acces la informa\u021biile \u0219i serviciile oferite de website-ul proiectului prin implementarea de m\u0103suri \u0219i instrumente dedicate persoanelor cu deficien\u021be de auz \u0219i de vedere.<\/li>\n\n\n\n<li>Campanie de con\u0219tientizare: \u00cen cadrul Campaniei online de informare \u0219i con\u0219tientizare se va aborda ca tem\u0103 separat\u0103 accesul persoanelor cu dizabilit\u0103\u021bi.<\/li>\n<\/ul>\n\n\n\n<p>Proiectul asigur\u0103 accesul la activit\u0103\u021bi \u0219i servicii \u00een mod egal pentru toate persoanele care \u00eendeplinesc condi\u021biile de eligibilitate, indiferent de starea de s\u0103n\u0103tate sau de handicap\/dizabilitate. Costurile minime estimate cu acest principiu orizontal sunt de 50.000 lei (1,01%) din valoarea total\u0103 a proiectului.<\/p>\n\n\n\n<p><strong>Utilizarea eficient\u0103 a resurselor:<\/strong><\/p>\n\n\n\n<ul class=\"wp-block-list\">\n<li>Echipamente eficiente: Achizi\u021bia de echipamente de ultim\u0103 genera\u021bie cu consum redus de energie \u0219i autonomie mare.<\/li>\n\n\n\n<li>Practici sustenabile: Sistem de reciclare la sediul proiectului \u0219i \u00een s\u0103lile de formare.<\/li>\n\n\n\n<li>Comunicare digital\u0103: Comunicare electronic\u0103 \u00eentre membrii echipei de proiect.<\/li>\n\n\n\n<li>Eficien\u021b\u0103 energetic\u0103: Optimizarea uzului curentului electric \u0219i utilizarea luminilor economice.<\/li>\n<\/ul>\n\n\n\n<p>Proiectul are \u00een vedere eficientizarea energetic\u0103 \u0219i un caracter neutru din punct de vedere al emisiilor. Avem \u00een vedere tranzi\u021bia c\u0103tre o economie cu emisii sc\u0103zute de carbon \u0219i eficient\u0103 din punct de vedere al utiliz\u0103rii resurselor prin intermediul campaniei online de informare \u0219i con\u0219tientizare.<\/p>\n\n\n\n<p>Costurile minime estimate cu acest principiu orizontal = 50000 lei (1,01%) din valoarea totala a proiectului.<\/p>\n\n\n\n<p><strong>Principiul DNSH<\/strong><\/p>\n\n\n\n<p><em>Principiul &#8211; A nu prejudicia \u00een mod semnificativ:<\/em><\/p>\n\n\n\n<ul class=\"wp-block-list\">\n<li>Atenuarea schimb\u0103rilor climatice: Activit\u0103\u021bile proiectului nu sunt generatoare de emisii semnificative de gaze cu efect de ser\u0103.<\/li>\n\n\n\n<li>Adaptarea la schimb\u0103rile climatice: Proiectul nu contribuie la cre\u0219terea efectului negativ al climatului actual \u0219i al climatului preconizat \u00een viitor.<\/li>\n\n\n\n<li>Utilizarea durabil\u0103 a resurselor: Proiectul nu este nociv pentru starea bun\u0103 a corpurilor de ap\u0103 sau a apelor marine.<\/li>\n<\/ul>\n\n\n\n<p>Conform Regulamentelor Europene, principiul \u201ea nu prejudicia \u00een mod semnificativ&#8221; (DNSH \u2013 \u201eDo No Significant Harm&#8221;) reprezint\u0103 poten\u021bialul activit\u0103\u021bilor \u0219i investi\u021biilor de a aduce prejudicii semnificative celor \u0219ase obiective de mediu. Proiectul nostru, prin natura lui, respect\u0103 principiul DNSH, neav\u00e2nd niciun impact negativ semnificativ asupra celor 6 obiective de mediu.<\/p>\n\n\n\n<p>\u00cen cadrul Campaniei online de informare \u0219i con\u0219tientizare se va aborda ca tem\u0103 separat\u0103 principiul DNSH, promov\u00e2nd protec\u021bia mediului \u00eenconjur\u0103tor.<\/p>\n\n\n\n<p>Costurile minime estimate cu principiul DNSH = 50000 lei (1,01%) din valoarea totala a proiectului.<\/p>\n\n\n\n<p><strong>Coeren\u021b\u0103 cu politica de mediu<\/strong><\/p>\n\n\n\n<p>Descrierea modului \u00een care proiectul contribuie la obiectivele politicii de mediu \u0219i le ia \u00een considerare, inclusiv \u00een ceea ce prive\u0219te schimb\u0103rile climatice:<\/p>\n\n\n\n<p>Proiectul contribuie cele 6 obiective aferente politicii de mediu si la ia in considerare astfel:<\/p>\n\n\n\n<p>1. Atenuarea schimbarilor climatice &#8211; avand in vedere activitatile proiectului consideram ca acestea nu sunt generatoare de emisii semnificative de gaze cu efect de sera.<\/p>\n\n\n\n<p>2. Adaptarea la schimbarile climatice &#8211; activitatile proiectului nu duc si nu contribuie la cresterea efectivului negativ la climatului actual si al climatului preconizat in viitor asupra activitatilor in sine sau asupra persoanelor implicate (experti si membrii din grupul tinta), asupra naturii sau asupra activelor.<\/p>\n\n\n\n<p>3. Utilizarea sustenabila si protectia resurselor de apa si a celor marine &#8211; proiectul nu este nociv pentru starea buna sau pentru potentialul ecologic bun al corpurilor de apa, inclusiv al apelor de suprafata si subterane, sau starea ecologica buna a apelor marine.<\/p>\n\n\n\n<p>4. Tranzitia catre o economia circulara &#8211; proiectul nu duce la ineficiente semnificative in utilizarea materialelor sau in utilizarea directa sau indirecta a resurselor naturale, la o crestere semnificativa a generarii, a incinerarii sau a eliminarii deseurilor, sau in cazul in care eliminarea pe termen lung a deseurilor poate cauza prejudicii semnificative si pe termen lung mediului; Mai mult de atat, in cadrul proiectului se vor colecta selectiv deseurile.<\/p>\n\n\n\n<p>5. Prevenirea si controlul poluarii &#8211; prin activitatile sale proiectul nu duce la o crestere semnificativa a emisiilor de poluanti in aer, apa sau sol.<\/p>\n\n\n\n<p>6. Protectia si refacerea biodiversitatii si a ecosistemelor &#8211; proiectul nu este nociv in mod semnificativ pentru conditia buna si rezilienta ecosistemelor sau nociva pentru stadiul de conservare a habitatelor si a speciilor, inclusiv a celor de interes pentru Uniune.<\/p>\n\n\n\n<p>Asadar, conform celor de mai sus si tinand cont de specificul si activitatile propuse, proiectul prin natura lui nu are niciun impact negativ semnificativ asupra celor 6 obiective de mediu prezentate mai sus.<\/p>\n\n\n\n<p>De asemenea, in cadrul Campaniei online de informare si identificare se va aborda ca tema separata cele 6 obiective. Mentionam faptul ca in cadrul activitatilor proiectului vor fi luate masuri si se vor intreprinde si alte actiuni pentru implementarea si promovarea obiectivelor de mediu.<\/p>\n\n\n\n<p>Descrierea modului \u00een care proiectul respect\u0103 principiul precau\u021biei, al ac\u021biunii preventive, principiul conform c\u0103ruia daunele aduse mediului trebuie remediate cu prioritate la surs\u0103 \u0219i principiul poluatorul pl\u0103te\u0219te:<\/p>\n\n\n\n<p>Proiectul, prin activitatile si masurile sale, respecta atat principiul precautiei si al actiunii preventive, potrivit caruia daunele aduse mediului trebuie remediate cu prioritate la sursa, precum si principiul poluatorul plateste, care \u201cimpune ca poluatorii sa suporte costurile poluarii provocate, inclusiv costul masurilor luate pentru prevenirea, combaterea si remedierea poluarii, precum si costurile pe care aceasta le impune societatii\u201d, dupa cum urmeaza: pe website-ul proiectului se va crea o sectiune dedicata care va contine informatii cu privire la cele 2 principii, participantii la programele de formare profesionala vor fi informatii cu privire la cele 2 principii, iar in cadrul campaniei online de informare si identificare GT se vor aborda ca teme separate cele doua principii. Facem precizarea ca proiectul prin natura si interventiile sale nu este generator de daune aduse mediului inconjurator.<\/p>\n\n\n\n<p>Mai mult de atat, in cadrul activitatilor A1-A4 se are in vedere utilizarea resurselor folosite in cadrul proiectului in mod responsabil,respectiv se va urmarii ca toate echipamentele ce vor fi achizitionate in cadrul proiectului sa se incadreze in categoria celor cu consum redus de energie\/ecologice\/pe baza de resurse regenerabile.<\/p>\n\n\n\n<p>In toate activitatile proiectului se va tine cont de eficientizarea consumului de resurse:comunicare electronica intre membrii echipei de proiect,utilizarea resurselor existente,materiale de prezentare a proiectului din perspectiva respectarii obiectivelor dezvoltarii durabile,scurte mesaje de promovare a utilizarii eficiente a resurselor(de ex. in semnatura mail), utilizarea sistemului de eficienta energetica pt computere, imprimante la sediu;programarea aerului conditionat pt a se aprinde cu o jumatate de ora inainte de inceperea programului de lucru,la o temp de 22\u00b0C vara si 23\u00b0C iarna; se va profita de lumina naturala. Se va optimiza uzul curentului electric,stingand corpurile de iluminat din apropierea surselor de lumina naturala. Nu se vor stinge sau aprinde cu frecventa tuburile fluorescente. Se vor folosi lumini economice si se va implementa un sistem de reciclare atat la sediul proiectului cat si in salile de formare.<\/p>\n","protected":false},"excerpt":{"rendered":"<p>Proiectul prin activitatile, obiectivele, rezultatele si indicatorii asumati contribuie la realizarea si promovarea urmatoarelor principii orizontale prevazute de Ghidul Solicitantului Conditii Specifice aferent apelului de proiecte PEO\/440\/PEO_P2\/OP4\/ESO4.1\/PEO_A47: dupa cum urmeaza: Egalitate de gen: Proiectul contribuie la realizarea Pilonului I &#8211; Egalitatea de \u0219anse \u0219i de tratament \u00eentre femei \u0219i b\u0103rba\u021bi al Strategiei na\u021bionale pentru egalitatea de gen 2021-2027, cu accent&#8230;<\/p>\n","protected":false},"author":1,"featured_media":0,"parent":0,"menu_order":0,"comment_status":"closed","ping_status":"closed","template":"","meta":{"footnotes":""},"class_list":["post-846","page","type-page","status-publish","hentry"],"_links":{"self":[{"href":"https:\/\/tinerisudmuntenia.ro\/index.php\/wp-json\/wp\/v2\/pages\/846","targetHints":{"allow":["GET"]}}],"collection":[{"href":"https:\/\/tinerisudmuntenia.ro\/index.php\/wp-json\/wp\/v2\/pages"}],"about":[{"href":"https:\/\/tinerisudmuntenia.ro\/index.php\/wp-json\/wp\/v2\/types\/page"}],"author":[{"embeddable":true,"href":"https:\/\/tinerisudmuntenia.ro\/index.php\/wp-json\/wp\/v2\/users\/1"}],"replies":[{"embeddable":true,"href":"https:\/\/tinerisudmuntenia.ro\/index.php\/wp-json\/wp\/v2\/comments?post=846"}],"version-history":[{"count":1,"href":"https:\/\/tinerisudmuntenia.ro\/index.php\/wp-json\/wp\/v2\/pages\/846\/revisions"}],"predecessor-version":[{"id":847,"href":"https:\/\/tinerisudmuntenia.ro\/index.php\/wp-json\/wp\/v2\/pages\/846\/revisions\/847"}],"wp:attachment":[{"href":"https:\/\/tinerisudmuntenia.ro\/index.php\/wp-json\/wp\/v2\/media?parent=846"}],"curies":[{"name":"wp","href":"https:\/\/api.w.org\/{rel}","templated":true}]}}